{"id":27,"date":"2020-09-24T20:06:24","date_gmt":"2020-09-24T20:06:24","guid":{"rendered":"https:\/\/rueti.schule\/wintersportlager\/?page_id=27"},"modified":"2023-09-06T16:36:53","modified_gmt":"2023-09-06T14:36:53","slug":"tipps-zum-lager","status":"publish","type":"page","link":"https:\/\/rueti.schule\/wintersportlager\/tipps-zum-lager\/","title":{"rendered":"Tipps f\u00fcrs Lager"},"content":{"rendered":"\n<figure class=\"wp-block-table is-style-stripes\"><table><tbody><tr><td><img decoding=\"async\" src=\"https:\/\/rueti.schule\/wintersportlager\/wp-content\/uploads\/2020\/09\/Gepaeck.jpg\" alt=\"\" style=\"width: 200px;\"><br><strong>Gep\u00e4ck<\/strong><br>Alle Kleider sollten im Gep\u00e4ckst\u00fcck verstaut sein. Daf\u00fcr eignet sich ein Rucksack oder eine Tasche mit einem Umh\u00e4ngeriemen oder ein Rollkoffer bestens. Die Kinder m\u00fcssen ihr Gep\u00e4ck selbst tragen k\u00f6nnen.<\/td><td><img decoding=\"async\" src=\"https:\/\/rueti.schule\/wintersportlager\/wp-content\/uploads\/2020\/09\/HandyTablets01.jpg\" alt=\"\" style=\"width: 200px;\"><br><strong>Handy\/iPod\/Tablets<\/strong><br>Handys\/Smartphones, Tablets oder sonstige elektronische Ger\u00e4te kommen nicht ins Lager mit! Wir haben eine Musikanlage f\u00fcr den Aufenthaltsraum dabei. Somit k\u00f6nnen pers\u00f6nliche CDs mitgenommen werden.<\/td><\/tr><tr><td><img decoding=\"async\" style=\"width: 200px;\" src=\"https:\/\/rueti.schule\/wintersportlager\/wp-content\/uploads\/2020\/09\/Transport.jpg\" alt=\"\"><br><strong>Sportger\u00e4te<\/strong><br>Die Skier mit St\u00f6cken, das Snowboard, die Ski- \/ Snowboardschuhe, Helm und auch ein allf\u00e4lliger R\u00fcckenpanzer werden mit dem Bus ins Lagerhaus gebracht. Alles muss angeschrieben sein! Ski- \/ Snowboardschuhe, Helm und auch ein R\u00fcckenpanzer m\u00fcssen in einer Tasche und nicht lose mitgegeben werden.<br>Die Skier oder das Snowboard sollte von einer Fachperson gepr\u00fcft sein; Beispiel: Egli Sport R\u00fcti. Passen die Ski-\/Snowboardschuhe?<\/td><td><img decoding=\"async\" src=\"https:\/\/rueti.schule\/wintersportlager\/wp-content\/uploads\/2020\/09\/helmb01.jpg\" alt=\"\" style=\"width: 200px;\"><br><strong>Helm<\/strong><br>Auf der Piste tragen alle Teilnehmer\/-innen einen Ski-\/Snowboardhelm.<br>Ein R\u00fcckenpanzer ist empfehlenswert.<\/td><\/tr><tr><td><img decoding=\"async\" src=\"https:\/\/rueti.schule\/wintersportlager\/wp-content\/uploads\/2020\/09\/postman.jpg\" alt=\"\" style=\"width: 200px;\"><br><strong>Lagerpost &amp; P\u00e4ckli<\/strong><br>Die Kinder freuen sich \u00fcber Briefe oder Postkarten. Hingegen sind grosse P\u00e4ckli mit S\u00fcssem und Getr\u00e4nken eher unpassend, da die Kinder sowieso mit Zvieris und Desserts verw\u00f6hnt werden und sie am Schluss einen Teil wieder nach Hause schleppen m\u00fcssten.<\/td><td><img decoding=\"async\" src=\"https:\/\/rueti.schule\/wintersportlager\/wp-content\/uploads\/2020\/09\/Sackgeld.jpg\" alt=\"\" style=\"width: 200px;\"><br><strong>Sackgeld<\/strong><br>Die Kinder haben nur selten Zeit etwas einzukaufen. Darum w\u00e4re das Sackgeld von 10 bis maximal 20 Franken zu begrenzen. Mit diesem Batzen k\u00f6nnen sie vielleicht eine Postkarte von Arosa mit Marke kaufen.<\/td><\/tr><\/tbody><\/table><\/figure>\n","protected":false},"excerpt":{"rendered":"<p>Gep\u00e4ckAlle Kleider sollten im Gep\u00e4ckst\u00fcck verstaut sein. Daf\u00fcr eignet sich ein Rucksack oder eine Tasche mit einem Umh\u00e4ngeriemen oder ein Rollkoffer bestens. Die Kinder m\u00fcssen ihr Gep\u00e4ck selbst tragen k\u00f6nnen. Handy\/iPod\/TabletsHandys\/Smartphones, Tablets oder sonstige elektronische Ger\u00e4te kommen nicht ins Lager mit! Wir haben eine Musikanlage f\u00fcr den Aufenthaltsraum dabei. Somit k\u00f6nnen pers\u00f6nliche CDs mitgenommen werden. [&hellip;]<\/p>\n","protected":false},"author":1,"featured_media":0,"parent":0,"menu_order":0,"comment_status":"closed","ping_status":"closed","template":"","meta":{"site-sidebar-layout":"default","site-content-layout":"default","ast-site-content-layout":"default","site-content-style":"default","site-sidebar-style":"default","ast-global-header-display":"","ast-banner-title-visibility":"","ast-main-header-display":"","ast-hfb-above-header-display":"","ast-hfb-below-header-display":"","ast-hfb-mobile-header-display":"","site-post-title":"","ast-breadcrumbs-content":"","ast-featured-img":"","footer-sml-layout":"","ast-disable-related-posts":"","theme-transparent-header-meta":"default","adv-header-id-meta":"","stick-header-meta":"","header-above-stick-meta":"","header-main-stick-meta":"","header-below-stick-meta":"","astra-migrate-meta-layouts":"set","ast-page-background-enabled":"default","ast-page-background-meta":{"desktop":{"background-color":"","background-image":"","background-repeat":"repeat","background-position":"center center","background-size":"auto","background-attachment":"scroll","background-type":"","background-media":"","overlay-type":"","overlay-color":"","overlay-opacity":"","overlay-gradient":""},"tablet":{"background-color":"","background-image":"","background-repeat":"repeat","background-position":"center center","background-size":"auto","background-attachment":"scroll","background-type":"","background-media":"","overlay-type":"","overlay-color":"","overlay-opacity":"","overlay-gradient":""},"mobile":{"background-color":"","background-image":"","background-repeat":"repeat","background-position":"center center","background-size":"auto","background-attachment":"scroll","background-type":"","background-media":"","overlay-type":"","overlay-color":"","overlay-opacity":"","overlay-gradient":""}},"ast-content-background-meta":{"desktop":{"background-color":"var(--ast-global-color-5)","background-image":"","background-repeat":"repeat","background-position":"center center","background-size":"auto","background-attachment":"scroll","background-type":"","background-media":"","overlay-type":"","overlay-color":"","overlay-opacity":"","overlay-gradient":""},"tablet":{"background-color":"var(--ast-global-color-5)","background-image":"","background-repeat":"repeat","background-position":"center center","background-size":"auto","background-attachment":"scroll","background-type":"","background-media":"","overlay-type":"","overlay-color":"","overlay-opacity":"","overlay-gradient":""},"mobile":{"background-color":"var(--ast-global-color-5)","background-image":"","background-repeat":"repeat","background-position":"center center","background-size":"auto","background-attachment":"scroll","background-type":"","background-media":"","overlay-type":"","overlay-color":"","overlay-opacity":"","overlay-gradient":""}},"footnotes":""},"class_list":["post-27","page","type-page","status-publish","hentry"],"_links":{"self":[{"href":"https:\/\/rueti.schule\/wintersportlager\/wp-json\/wp\/v2\/pages\/27","targetHints":{"allow":["GET"]}}],"collection":[{"href":"https:\/\/rueti.schule\/wintersportlager\/wp-json\/wp\/v2\/pages"}],"about":[{"href":"https:\/\/rueti.schule\/wintersportlager\/wp-json\/wp\/v2\/types\/page"}],"author":[{"embeddable":true,"href":"https:\/\/rueti.schule\/wintersportlager\/wp-json\/wp\/v2\/users\/1"}],"replies":[{"embeddable":true,"href":"https:\/\/rueti.schule\/wintersportlager\/wp-json\/wp\/v2\/comments?post=27"}],"version-history":[{"count":14,"href":"https:\/\/rueti.schule\/wintersportlager\/wp-json\/wp\/v2\/pages\/27\/revisions"}],"predecessor-version":[{"id":856,"href":"https:\/\/rueti.schule\/wintersportlager\/wp-json\/wp\/v2\/pages\/27\/revisions\/856"}],"wp:attachment":[{"href":"https:\/\/rueti.schule\/wintersportlager\/wp-json\/wp\/v2\/media?parent=27"}],"curies":[{"name":"wp","href":"https:\/\/api.w.org\/{rel}","templated":true}]}}